{"id":3451,"date":"2021-02-01T05:42:55","date_gmt":"2021-02-01T05:42:55","guid":{"rendered":"http:\/\/cgimmense.com\/?post_type=product&#038;p=3451"},"modified":"2021-03-02T03:56:49","modified_gmt":"2021-03-02T03:56:49","slug":"viet-su-kieu-hung-valiant-vietnamese-history","status":"publish","type":"product","link":"https:\/\/www.lucidigital.com\/vi\/san-pham\/viet-su-kieu-hung-valiant-vietnamese-history\/","title":{"rendered":"Vi\u1ec7t S\u1eed Ki\u00eau H\u00f9ng (Valiant Vietnamese History)"},"content":{"rendered":"<p>&nbsp;<\/p>\n<div class=\"work-product-parent\">\n<p class=\"work-product-title\">Vi\u1ec7t S\u1eed Ki\u00eau H\u00f9ng (Valiant Vietnamese History)<\/p>\n<div style=\"width: 100%;\">\n<p class=\"work-product-description\">Mortal Combat at \u0110a Bang Citadel &#8211; Iron<\/p>\n<\/div>\n<p class=\"work-product-detail-normal\">\n<\/div>","protected":false},"excerpt":{"rendered":"<p>&nbsp; Vi\u1ec7t S\u1eed Ki\u00eau H\u00f9ng (Valiant Vietnamese History) Mortal Combat at \u0110a Bang Citadel &#8211; Iron<\/p>","protected":false},"featured_media":1726,"template":"","meta":{"site-sidebar-layout":"default","site-content-layout":"default","ast-main-header-display":"","ast-hfb-above-header-display":"","ast-hfb-below-header-display":"","ast-hfb-mobile-header-display":"","site-post-title":"","ast-breadcrumbs-content":"","ast-featured-img":"","footer-sml-layout":"","theme-transparent-header-meta":"default","adv-header-id-meta":"","stick-header-meta":"","header-above-stick-meta":"","header-main-stick-meta":"","header-below-stick-meta":""},"product_cat":[29],"product_tag":[35,38,36,37],"_links":{"self":[{"href":"https:\/\/www.lucidigital.com\/vi\/wp-json\/wp\/v2\/product\/3451"}],"collection":[{"href":"https:\/\/www.lucidigital.com\/vi\/wp-json\/wp\/v2\/product"}],"about":[{"href":"https:\/\/www.lucidigital.com\/vi\/wp-json\/wp\/v2\/types\/product"}],"version-history":[{"count":2,"href":"https:\/\/www.lucidigital.com\/vi\/wp-json\/wp\/v2\/product\/3451\/revisions"}],"predecessor-version":[{"id":3466,"href":"https:\/\/www.lucidigital.com\/vi\/wp-json\/wp\/v2\/product\/3451\/revisions\/3466"}],"wp:featuredmedia":[{"embeddable":true,"href":"https:\/\/www.lucidigital.com\/vi\/wp-json\/wp\/v2\/media\/1726"}],"wp:attachment":[{"href":"https:\/\/www.lucidigital.com\/vi\/wp-json\/wp\/v2\/media?parent=3451"}],"wp:term":[{"taxonomy":"product_cat","embeddable":true,"href":"https:\/\/www.lucidigital.com\/vi\/wp-json\/wp\/v2\/product_cat?post=3451"},{"taxonomy":"product_tag","embeddable":true,"href":"https:\/\/www.lucidigital.com\/vi\/wp-json\/wp\/v2\/product_tag?post=3451"}],"curies":[{"name":"wp","href":"https:\/\/api.w.org\/{rel}","templated":true}]}}