{"id":3523,"date":"2021-03-01T10:38:10","date_gmt":"2021-03-01T10:38:10","guid":{"rendered":"http:\/\/cgimmense.com\/?post_type=product&#038;p=3523"},"modified":"2021-03-02T08:35:30","modified_gmt":"2021-03-02T08:35:30","slug":"pizza-hut-nhan-nong-sieu-dang","status":"publish","type":"product","link":"https:\/\/www.lucidigital.com\/vi\/san-pham\/pizza-hut-nhan-nong-sieu-dang\/","title":{"rendered":"Pizza Hut &#8211; Nh\u00e3n N\u00f3ng Si\u00eau \u0110\u1eb3ng"},"content":{"rendered":"<p>&nbsp;<\/p>\n<div class=\"work-product-parent\">\n<div style=\"width: 100%;\"><\/div>\n<p class=\"work-product-detail-bold\">Agency<\/p>\n<p class=\"work-product-detail-normal\">Ogilvy<\/p>\n<p class=\"work-product-detail-bold\">CGI<\/p>\n<p class=\"work-product-detail-normal\">LUCIDigital<\/p>\n<\/div>","protected":false},"excerpt":{"rendered":"<p>&nbsp; Agency Ogilvy CGI LUCIDigital<\/p>","protected":false},"featured_media":3524,"template":"","meta":{"site-sidebar-layout":"default","site-content-layout":"default","ast-main-header-display":"","ast-hfb-above-header-display":"","ast-hfb-below-header-display":"","ast-hfb-mobile-header-display":"","site-post-title":"","ast-breadcrumbs-content":"","ast-featured-img":"","footer-sml-layout":"","theme-transparent-header-meta":"default","adv-header-id-meta":"","stick-header-meta":"","header-above-stick-meta":"","header-main-stick-meta":"","header-below-stick-meta":""},"product_cat":[45,46,48],"product_tag":[35,38,36,37],"_links":{"self":[{"href":"https:\/\/www.lucidigital.com\/vi\/wp-json\/wp\/v2\/product\/3523"}],"collection":[{"href":"https:\/\/www.lucidigital.com\/vi\/wp-json\/wp\/v2\/product"}],"about":[{"href":"https:\/\/www.lucidigital.com\/vi\/wp-json\/wp\/v2\/types\/product"}],"version-history":[{"count":1,"href":"https:\/\/www.lucidigital.com\/vi\/wp-json\/wp\/v2\/product\/3523\/revisions"}],"predecessor-version":[{"id":3525,"href":"https:\/\/www.lucidigital.com\/vi\/wp-json\/wp\/v2\/product\/3523\/revisions\/3525"}],"wp:featuredmedia":[{"embeddable":true,"href":"https:\/\/www.lucidigital.com\/vi\/wp-json\/wp\/v2\/media\/3524"}],"wp:attachment":[{"href":"https:\/\/www.lucidigital.com\/vi\/wp-json\/wp\/v2\/media?parent=3523"}],"wp:term":[{"taxonomy":"product_cat","embeddable":true,"href":"https:\/\/www.lucidigital.com\/vi\/wp-json\/wp\/v2\/product_cat?post=3523"},{"taxonomy":"product_tag","embeddable":true,"href":"https:\/\/www.lucidigital.com\/vi\/wp-json\/wp\/v2\/product_tag?post=3523"}],"curies":[{"name":"wp","href":"https:\/\/api.w.org\/{rel}","templated":true}]}}